{"id":2190,"date":"2018-04-19T13:02:55","date_gmt":"2018-04-19T16:02:55","guid":{"rendered":"http:\/\/www.relbereallan.com.br\/oficial\/?page_id=2190"},"modified":"2019-06-25T16:06:45","modified_gmt":"2019-06-25T19:06:45","slug":"uma-historia-de-sucesso","status":"publish","type":"page","link":"https:\/\/www.relbereallan.com.br\/oficial\/uma-historia-de-sucesso\/","title":{"rendered":"Uma Hist\u00f3ria de sucesso"},"content":{"rendered":"<p><strong>Relber &amp; Allan<\/strong> s\u00e3o antigos amigos da cidade de Ipatinga, regi\u00e3o do Vale do A\u00e7o em Minas Gerais que com os sonhos de ser artistas de sucesso iniciam em 2008 um projeto musical promissor. O estilo diferenciado da dupla trouxe convites para shows em bares, casas noturnas, anivers\u00e1rios, casamentos e outros pequenos eventos da regi\u00e3o.<\/p>\n<p>A oportunidade de gravar o primeiro CD\/DVD surgiu em abril de 2009 onde a dupla reuniu no Hall do Est\u00e1dio Ipating\u00e3o em Ipatinga\/MG, mais de seis mil pessoas que participaram da grava\u00e7\u00e3o ao vivo, onde foi usado estrutura de palco, som, ilumina\u00e7\u00e3o e cen\u00e1rio jamais vistos na regi\u00e3o, semelhante \u00e0s mesmas utilizadas pelos grandes nomes da m\u00fasica nacional da atualidade.<\/p>\n<p>Em 2010, a dupla \u00e9 convidada a se apresentar na Festa de Pe\u00e3o de Barretos e segue para uma Turn\u00ea Internacional nos Estados Unidos, onde foi sucesso entre as comunidades brasileiras, incluindo muitos de seus conterr\u00e2neos. Ingressos esgotados. O sucesso foi tanto que receberam novos convites para retornar e ampliar sua turn\u00ea, neste \u00faltimo ano foram destaque e bilheterias esgotadas em todas as apresenta\u00e7\u00f5es, superando grandes nomes nacionais que por l\u00e1 estavam disputando o mesmo palco e dias alternados.<br \/>\nNo m\u00eas de novembro 2012 retornam para o lan\u00e7amento do novo DVD gravado ao vivo em Governador Valadares, com a presen\u00e7a de mais de 15.000 pessoas.<\/p>\n<p>O empenho em mostrar que Relber &amp; Allan est\u00e3o no caminho certo se comprova com a conquista do t\u00edtulo de vencedores do concurso Garagem do Faust\u00e3o 2011 na Rede Globo, onde dos tr\u00eas mil inscritos somente quatro chegaram a fase final. A dupla se torna a \u00fanica do concurso com esmagadora vota\u00e7\u00e3o via site do Doming\u00e3o do Faust\u00e3o, telefone e SMS, os cantores mineiros vencem em 1\u00aa lugar com a m\u00fasica \u201cSai Sessa Vida\u201d, com 37% dos votos do p\u00fablico. Com isso a dupla foi escolhida para abrir o Sertanejo Pop Festival em S\u00e3o Paulo e se destaca com can\u00e7\u00e3o: \u201cEscolta de Vagalumes\u201d &#8211; da colet\u00e2nea Box Mod\u00e3o Sertanejo e a can\u00e7\u00e3o: \u201cValeu\u201d da colet\u00e2nea Festa Sertanejo Volume 2.<\/p>\n<p>Em dezembro de 2014, lan\u00e7amos em todas as r\u00e1dios do Brasil, a m\u00fasica \u201cFalar \u00e9 F\u00e1cil \u201c.<\/p>\n<p>Sem perder a ess\u00eancia rom\u00e2ntica, a dupla traz na nessa melodia a realidade dos relacionamentos atuais, que terminam e a primeira coisa feita pelo casal \u00e9 anunciar em redes sociais o fim da rela\u00e7\u00e3o.<\/p>\n<p>No dia 31 de outubro de 2017, gravamos nosso 3\u00ba DVD, na cidade de Aparecida de Goi\u00e2nia \u2013 GO, intitulado como RELBER &amp; ALLAN LIVE EM GOI\u00c2NIA, contando com participa\u00e7\u00f5es de grandes nomes do cen\u00e1rio sertanejo, como: JORGE E MATEUS, FELIPE ARA\u00daJO, HUMBERTO E RONALDO, TRIO PARADA DURA, PACHECO, THIAGO E SAMUEL e VONINHO (Sanfoneiro). Este novo \u00e1lbum vem com 21 m\u00fasicas in\u00e9ditas e com assinatura da SONY MUSIC.<\/p>\n<p>Shows:<br \/>\nshow@relbereallan.com.br<br \/>\n<a href=\"http:\/\/www.relbereallan.com.br\">www.relbereallan.com.br<\/a><\/p>\n","protected":false},"excerpt":{"rendered":"<p>Relber &amp; Allan s\u00e3o antigos amigos da cidade de Ipatinga, regi\u00e3o do Vale do A\u00e7o em Minas Gerais que com [&hellip;]<\/p>\n","protected":false},"author":1,"featured_media":0,"parent":0,"menu_order":0,"comment_status":"closed","ping_status":"closed","template":"","meta":{"inline_featured_image":false,"footnotes":""},"class_list":["post-2190","page","type-page","status-publish","hentry"],"_links":{"self":[{"href":"https:\/\/www.relbereallan.com.br\/oficial\/wp-json\/wp\/v2\/pages\/2190","targetHints":{"allow":["GET"]}}],"collection":[{"href":"https:\/\/www.relbereallan.com.br\/oficial\/wp-json\/wp\/v2\/pages"}],"about":[{"href":"https:\/\/www.relbereallan.com.br\/oficial\/wp-json\/wp\/v2\/types\/page"}],"author":[{"embeddable":true,"href":"https:\/\/www.relbereallan.com.br\/oficial\/wp-json\/wp\/v2\/users\/1"}],"replies":[{"embeddable":true,"href":"https:\/\/www.relbereallan.com.br\/oficial\/wp-json\/wp\/v2\/comments?post=2190"}],"version-history":[{"count":5,"href":"https:\/\/www.relbereallan.com.br\/oficial\/wp-json\/wp\/v2\/pages\/2190\/revisions"}],"predecessor-version":[{"id":2717,"href":"https:\/\/www.relbereallan.com.br\/oficial\/wp-json\/wp\/v2\/pages\/2190\/revisions\/2717"}],"wp:attachment":[{"href":"https:\/\/www.relbereallan.com.br\/oficial\/wp-json\/wp\/v2\/media?parent=2190"}],"curies":[{"name":"wp","href":"https:\/\/api.w.org\/{rel}","templated":true}]}}